{"id":2,"date":"2016-05-09T08:50:25","date_gmt":"2016-05-09T08:50:25","guid":{"rendered":"http:\/\/themes.muffingroup.com\/be\/smarthome\/?page_id=2"},"modified":"2025-12-30T23:01:08","modified_gmt":"2025-12-30T23:01:08","slug":"inicio","status":"publish","type":"page","link":"https:\/\/losamigosenergy.com\/en\/","title":{"rendered":"HOME"},"content":{"rendered":"<div class=\"wp-block-buttons is-layout-flex wp-block-buttons-is-layout-flex\"><\/div>","protected":false},"excerpt":{"rendered":"<p>Empresa comprometida en implementar tecnolog\u00eda que genere energ\u00eda limpia y accesible en M\u00e9xico, con el prop\u00f3sito de que nuestros clientes remuevan el gasto fijo de su factura el\u00e9ctrica y obtengan beneficios a largo plazo.<\/p>","protected":false},"author":4,"featured_media":121,"parent":0,"menu_order":0,"comment_status":"closed","ping_status":"closed","template":"","meta":{"nf_dc_page":"","content-type":"","footnotes":""},"class_list":["post-2","page","type-page","status-publish","has-post-thumbnail","hentry"],"aioseo_notices":[],"_links":{"self":[{"href":"https:\/\/losamigosenergy.com\/en\/wp-json\/wp\/v2\/pages\/2","targetHints":{"allow":["GET"]}}],"collection":[{"href":"https:\/\/losamigosenergy.com\/en\/wp-json\/wp\/v2\/pages"}],"about":[{"href":"https:\/\/losamigosenergy.com\/en\/wp-json\/wp\/v2\/types\/page"}],"author":[{"embeddable":true,"href":"https:\/\/losamigosenergy.com\/en\/wp-json\/wp\/v2\/users\/4"}],"replies":[{"embeddable":true,"href":"https:\/\/losamigosenergy.com\/en\/wp-json\/wp\/v2\/comments?post=2"}],"version-history":[{"count":5,"href":"https:\/\/losamigosenergy.com\/en\/wp-json\/wp\/v2\/pages\/2\/revisions"}],"predecessor-version":[{"id":670,"href":"https:\/\/losamigosenergy.com\/en\/wp-json\/wp\/v2\/pages\/2\/revisions\/670"}],"wp:featuredmedia":[{"embeddable":true,"href":"https:\/\/losamigosenergy.com\/en\/wp-json\/wp\/v2\/media\/121"}],"wp:attachment":[{"href":"https:\/\/losamigosenergy.com\/en\/wp-json\/wp\/v2\/media?parent=2"}],"curies":[{"name":"wp","href":"https:\/\/api.w.org\/{rel}","templated":true}]}}